{"id":3656,"date":"2024-01-12T15:07:28","date_gmt":"2024-01-12T15:07:28","guid":{"rendered":"https:\/\/regmes.hu\/?page_id=3656"},"modified":"2024-01-12T15:11:45","modified_gmt":"2024-01-12T15:11:45","slug":"referenciak","status":"publish","type":"page","link":"https:\/\/regmes.hu\/?page_id=3656","title":{"rendered":"Referenci\u00e1k"},"content":{"rendered":"<p>Rendszereinket alkalmazza t\u00f6bbek k\u00f6z\u00f6tt:<\/p>\n<ul>\n<li>Equilor Befektet\u00e9si Zrt.<\/li>\n<li>Magyar \u00dcgyv\u00e9dek Biztos\u00edt\u00f3 \u00e9s Seg\u00e9lyez\u0151 Egyes\u00fclete<\/li>\n<li>Autonet Import Srl. c\u00e9gcsoport (Rom\u00e1nia, Magyarorsz\u00e1g)<\/li>\n<li>Protokon Kft.<\/li>\n<li>Yanfeng Automotive Interior Kft. &#8211; YFAI<\/li>\n<li>Schr\u00e9der Magyarorsz\u00e1g Zrt.<\/li>\n<li>Medinspect Kft.<\/li>\n<li>\u00c9PSZERK Pann\u00f3nia Invest Kft.<\/li>\n<li>Merkapt Zrt.<\/li>\n<li>Nordikal Zrt.<\/li>\n<li>Kerox Ipari \u00e9s kereskedelmi Kft.<\/li>\n<li>Volvid Zrt.<\/li>\n<li>Magyar nemzeti Vagyonkezel\u0151 &#8211; Kiving Kft.<\/li>\n<li>Magyar nemzeti Vagyonkezel\u0151\u00a0&#8211; HSSC Kft.<\/li>\n<li>Magyar nemzeti Vagyonkezel\u0151\u00a0&#8211; NIP\u00dcF Zrt.<\/li>\n<li>Miskolci Nemzeti Sz\u00ednh\u00e1z<\/li>\n<li>Inter-Ambulance Zrt.<\/li>\n<\/ul>\n<p>&nbsp;<\/p>\n","protected":false},"excerpt":{"rendered":"<p>Rendszereinket alkalmazza t\u00f6bbek k\u00f6z\u00f6tt: Equilor Befektet\u00e9si Zrt. Magyar \u00dcgyv\u00e9dek Biztos\u00edt\u00f3 \u00e9s Seg\u00e9lyez\u0151 Egyes\u00fclete Autonet Import Srl. c\u00e9gcsoport (Rom\u00e1nia, Magyarorsz\u00e1g) Protokon Kft. Yanfeng Automotive Interior Kft. &#8211; YFAI Schr\u00e9der Magyarorsz\u00e1g Zrt. Medinspect Kft. \u00c9PSZERK Pann\u00f3nia Invest Kft. Merkapt Zrt. Nordikal Zrt. Kerox Ipari \u00e9s kereskedelmi Kft. Volvid Zrt. Magyar nemzeti Vagyonkezel\u0151 &#8211; Kiving Kft. Magyar nemzeti Vagyonkezel\u0151\u00a0&#8211; HSSC Kft. Magyar nemzeti Vagyonkezel\u0151\u00a0&#8211; NIP\u00dcF Zrt. Miskolci Nemzeti Sz\u00ednh\u00e1z Inter-Ambulance Zrt. &nbsp;<\/p>\n","protected":false},"author":2,"featured_media":3644,"parent":0,"menu_order":0,"comment_status":"closed","ping_status":"closed","template":"","meta":{"footnotes":""},"class_list":["post-3656","page","type-page","status-publish","has-post-thumbnail","hentry","post-has-thumbnail"],"_links":{"self":[{"href":"https:\/\/regmes.hu\/index.php?rest_route=\/wp\/v2\/pages\/3656","targetHints":{"allow":["GET"]}}],"collection":[{"href":"https:\/\/regmes.hu\/index.php?rest_route=\/wp\/v2\/pages"}],"about":[{"href":"https:\/\/regmes.hu\/index.php?rest_route=\/wp\/v2\/types\/page"}],"author":[{"embeddable":true,"href":"https:\/\/regmes.hu\/index.php?rest_route=\/wp\/v2\/users\/2"}],"replies":[{"embeddable":true,"href":"https:\/\/regmes.hu\/index.php?rest_route=%2Fwp%2Fv2%2Fcomments&post=3656"}],"version-history":[{"count":1,"href":"https:\/\/regmes.hu\/index.php?rest_route=\/wp\/v2\/pages\/3656\/revisions"}],"predecessor-version":[{"id":3657,"href":"https:\/\/regmes.hu\/index.php?rest_route=\/wp\/v2\/pages\/3656\/revisions\/3657"}],"wp:featuredmedia":[{"embeddable":true,"href":"https:\/\/regmes.hu\/index.php?rest_route=\/wp\/v2\/media\/3644"}],"wp:attachment":[{"href":"https:\/\/regmes.hu\/index.php?rest_route=%2Fwp%2Fv2%2Fmedia&parent=3656"}],"curies":[{"name":"wp","href":"https:\/\/api.w.org\/{rel}","templated":true}]}}