{"id":3620,"date":"2024-01-11T18:20:06","date_gmt":"2024-01-11T18:20:06","guid":{"rendered":"https:\/\/regmes.hu\/?page_id=3620"},"modified":"2024-01-12T15:13:07","modified_gmt":"2024-01-12T15:13:07","slug":"a-mes-rendszerekrol","status":"publish","type":"page","link":"https:\/\/regmes.hu\/?page_id=3620","title":{"rendered":"A MES rendszerekr\u0151l"},"content":{"rendered":"<p>A<em><strong> Manufacturing Execution System<\/strong><\/em> &#8211; MES &#8211; olyan informatikai rendszer, amely a gy\u00e1rt\u00e1si folyamatok hat\u00e9kony ir\u00e1ny\u00edt\u00e1s\u00e1ra \u00e9s ellen\u0151rz\u00e9s\u00e9re szolg\u00e1l.<\/p>\n<p>C\u00e9lja a termel\u00e9kenys\u00e9g n\u00f6vel\u00e9se, a k\u00f6lts\u00e9gek cs\u00f6kkent\u00e9se, valamint a min\u0151s\u00e9g \u00e9s hat\u00e9konys\u00e1g jav\u00edt\u00e1sa a gy\u00e1rt\u00e1si tev\u00e9kenys\u00e9gek sor\u00e1n.<\/p>\n<p>A MES rendszer seg\u00edts\u00e9g\u00e9vel val\u00f3s id\u0151ben gy\u0171jthet\u0151k, elemezhet\u0151k \u00e9s monitorozhat\u00f3k a gy\u00e1rt\u00e1si adatok, lehet\u0151v\u00e9 t\u00e9ve a gyors d\u00f6nt\u00e9shozatalt \u00e9s a folyamatok optimaliz\u00e1l\u00e1s\u00e1t.<\/p>\n<p>MES rendszerek sz\u00e1mos el\u0151nnyel j\u00e1rnak a gy\u00e1rt\u00e1si folyamatok szempontj\u00e1b\u00f3l.<\/p>\n<ul>\n<li><em><strong>Hat\u00e9konys\u00e1g n\u00f6vel\u00e9s:<\/strong><\/em> A MES rendszer lehet\u0151v\u00e9 teszi a gy\u00e1rt\u00e1si folyamatok hat\u00e9konyabb tervez\u00e9s\u00e9t, \u00fctemez\u00e9s\u00e9t \u00e9s v\u00e9grehajt\u00e1s\u00e1t, n\u00f6velve a termel\u00e9kenys\u00e9get.<\/li>\n<li><em><strong>Min\u0151s\u00e9g jav\u00edt\u00e1s:<\/strong> <\/em>A rendszer seg\u00edts\u00e9g\u00e9vel k\u00f6nnyen monitorozhat\u00f3k \u00e9s ellen\u0151rizhet\u0151k a gy\u00e1rt\u00e1si folyamatok, ami hozz\u00e1j\u00e1rul a term\u00e9kek magasabb min\u0151s\u00e9g\u00e9hez.<\/li>\n<li><em><strong>Val\u00f3s idej\u0171 adatok:<\/strong> <\/em>A MES rendszer val\u00f3s id\u0151ben gy\u0171jti \u00e9s elemzi a gy\u00e1rt\u00e1si adatokat, lehet\u0151v\u00e9 t\u00e9ve a gyors \u00e9s pontos d\u00f6nt\u00e9shozatalt.<\/li>\n<li><em><strong>Termel\u00e9si folyamatok nyomon k\u00f6vet\u00e9se:<\/strong><\/em> A MES rendszer lehet\u0151v\u00e9 teszi a gy\u00e1rt\u00e1si folyamatok pontos nyomon k\u00f6vet\u00e9s\u00e9t, ami seg\u00edthet az esetleges hib\u00e1k azonos\u00edt\u00e1s\u00e1ban \u00e9s a probl\u00e9m\u00e1k gyors megold\u00e1s\u00e1ban.<\/li>\n<li><em><strong>Dokument\u00e1ci\u00f3 \u00e9s szab\u00e1lyoz\u00e1s:<\/strong><\/em> A rendszer seg\u00edti a gy\u00e1rt\u00e1si folyamatok dokument\u00e1l\u00e1s\u00e1t, amely alapvet\u0151 t\u00e9nyez\u0151 a szab\u00e1lyoz\u00e1si k\u00f6vetelm\u00e9nyek teljes\u00edt\u00e9s\u00e9hez.<\/li>\n<li><em><strong>\u00dctemez\u00e9s \u00e9s tervez\u00e9s:<\/strong><\/em> A MES rendszer lehet\u0151v\u00e9 teszi a gy\u00e1rt\u00e1si munkafeladatok hat\u00e9kony \u00fctemez\u00e9s\u00e9t \u00e9s tervez\u00e9s\u00e9t, optimaliz\u00e1lva a folyamatokat.<\/li>\n<li><em><strong>K\u00f6lts\u00e9gcs\u00f6kkent\u00e9s:<\/strong><\/em> Az optimaliz\u00e1lt folyamatok, a rakt\u00e1rk\u00e9szlet-kezel\u00e9s \u00e9s a min\u0151s\u00e9gjav\u00edt\u00e1s r\u00e9v\u00e9n a rendszer hozz\u00e1j\u00e1rulhat a k\u00f6lts\u00e9gek cs\u00f6kkent\u00e9s\u00e9hez.<\/li>\n<li><em><strong>Teljes\u00edtm\u00e9ny\u00e9rt\u00e9kel\u00e9s \u00e9s elemz\u00e9s:<\/strong><\/em> A rendszer \u00e1ltal gy\u0171jt\u00f6tt adatok lehet\u0151s\u00e9get teremtenek a teljes\u00edtm\u00e9ny\u00e9rt\u00e9kel\u00e9sre \u00e9s az elemz\u00e9sekre, amelyek seg\u00edtik a v\u00e1llalatokat a folyamataik optimaliz\u00e1l\u00e1s\u00e1ban \u00e9s a hat\u00e9konys\u00e1g jav\u00edt\u00e1s\u00e1ban.<\/li>\n<\/ul>\n<p>\u00d6sszefoglalva: a fenti el\u0151ny\u00f6k egy\u00fcttesen seg\u00edtik a v\u00e1llalatokat a versenyk\u00e9pess\u00e9g jav\u00edt\u00e1s\u00e1ban \u00e9s a gy\u00e1rt\u00e1si tev\u00e9kenys\u00e9geik hat\u00e9konyabb\u00e1 t\u00e9tel\u00e9ben.<\/p>\n","protected":false},"excerpt":{"rendered":"<p>A Manufacturing Execution System &#8211; MES &#8211; olyan informatikai rendszer, amely a gy\u00e1rt\u00e1si folyamatok hat\u00e9kony ir\u00e1ny\u00edt\u00e1s\u00e1ra \u00e9s ellen\u0151rz\u00e9s\u00e9re szolg\u00e1l. C\u00e9lja a termel\u00e9kenys\u00e9g n\u00f6vel\u00e9se, a k\u00f6lts\u00e9gek cs\u00f6kkent\u00e9se, valamint a min\u0151s\u00e9g \u00e9s hat\u00e9konys\u00e1g jav\u00edt\u00e1sa a gy\u00e1rt\u00e1si tev\u00e9kenys\u00e9gek sor\u00e1n. A MES rendszer seg\u00edts\u00e9g\u00e9vel val\u00f3s id\u0151ben gy\u0171jthet\u0151k, elemezhet\u0151k \u00e9s monitorozhat\u00f3k a gy\u00e1rt\u00e1si adatok, lehet\u0151v\u00e9 t\u00e9ve a gyors d\u00f6nt\u00e9shozatalt \u00e9s a folyamatok optimaliz\u00e1l\u00e1s\u00e1t. MES rendszerek sz\u00e1mos el\u0151nnyel j\u00e1rnak a gy\u00e1rt\u00e1si folyamatok szempontj\u00e1b\u00f3l. Hat\u00e9konys\u00e1g n\u00f6vel\u00e9s: A MES rendszer lehet\u0151v\u00e9 teszi a gy\u00e1rt\u00e1si folyamatok hat\u00e9konyabb tervez\u00e9s\u00e9t, \u00fctemez\u00e9s\u00e9t&hellip;<\/p>\n","protected":false},"author":2,"featured_media":3644,"parent":0,"menu_order":0,"comment_status":"closed","ping_status":"closed","template":"","meta":{"footnotes":""},"class_list":["post-3620","page","type-page","status-publish","has-post-thumbnail","hentry","post-has-thumbnail"],"_links":{"self":[{"href":"https:\/\/regmes.hu\/index.php?rest_route=\/wp\/v2\/pages\/3620","targetHints":{"allow":["GET"]}}],"collection":[{"href":"https:\/\/regmes.hu\/index.php?rest_route=\/wp\/v2\/pages"}],"about":[{"href":"https:\/\/regmes.hu\/index.php?rest_route=\/wp\/v2\/types\/page"}],"author":[{"embeddable":true,"href":"https:\/\/regmes.hu\/index.php?rest_route=\/wp\/v2\/users\/2"}],"replies":[{"embeddable":true,"href":"https:\/\/regmes.hu\/index.php?rest_route=%2Fwp%2Fv2%2Fcomments&post=3620"}],"version-history":[{"count":17,"href":"https:\/\/regmes.hu\/index.php?rest_route=\/wp\/v2\/pages\/3620\/revisions"}],"predecessor-version":[{"id":3638,"href":"https:\/\/regmes.hu\/index.php?rest_route=\/wp\/v2\/pages\/3620\/revisions\/3638"}],"wp:featuredmedia":[{"embeddable":true,"href":"https:\/\/regmes.hu\/index.php?rest_route=\/wp\/v2\/media\/3644"}],"wp:attachment":[{"href":"https:\/\/regmes.hu\/index.php?rest_route=%2Fwp%2Fv2%2Fmedia&parent=3620"}],"curies":[{"name":"wp","href":"https:\/\/api.w.org\/{rel}","templated":true}]}}