{"id":3613,"date":"2024-01-11T18:00:57","date_gmt":"2024-01-11T18:00:57","guid":{"rendered":"https:\/\/regmes.hu\/?page_id=3613"},"modified":"2024-01-17T12:32:38","modified_gmt":"2024-01-17T12:32:38","slug":"szoftverfejlesztes","status":"publish","type":"page","link":"https:\/\/regmes.hu\/?page_id=3613","title":{"rendered":"MES szoftver fejleszt\u00e9s"},"content":{"rendered":"<h1>1\u00a0\u00a0\u00a0\u00a0\u00a0\u00a0\u00a0\u00a0 Gy\u00e1rt\u00f3sori MES rendszer\u00fcnk<\/h1>\n<p>&nbsp;<\/p>\n<h2>1.1\u00a0\u00a0\u00a0\u00a0\u00a0\u00a0\u00a0\u00a0 Dokument\u00e1ci\u00f3kezel\u00e9s<\/h2>\n<p>MES rendszer\u00fcnk teljesk\u00f6r\u0171en kezeli a teljes gy\u00e1rt\u00e1si dokument\u00e1ci\u00f3t. Alapj\u00e1t REG-Doc szoftver\u00fcnk k\u00e9pezi, mely sz\u00e1mos szervezetn\u00e9l l\u00e1tja el a dokument\u00e1ci\u00f3kezel\u00e9si feladatokat. Fel\u00e9p\u00edt\u00e9s\u00e9b\u0151l ad\u00f3d\u00f3an k\u00f6nnyen tov\u00e1bbfejleszthet\u0151, kieg\u00e9sz\u00edthet\u0151 az egyedi, speci\u00e1lis modulokkal, szolg\u00e1ltat\u00e1sokkal.<\/p>\n<h3>1.1.1\u00a0\u00a0\u00a0\u00a0\u00a0\u00a0\u00a0 Gy\u00e1rt\u00e1si utas\u00edt\u00e1sok<\/h3>\n<p><img loading=\"lazy\" decoding=\"async\" class=\"alignleft size-medium wp-image-3720\" src=\"https:\/\/regmes.hu\/wp-content\/uploads\/2024\/01\/szoftver4-300x123.png\" alt=\"\" width=\"300\" height=\"123\" srcset=\"https:\/\/regmes.hu\/wp-content\/uploads\/2024\/01\/szoftver4-300x123.png 300w, https:\/\/regmes.hu\/wp-content\/uploads\/2024\/01\/szoftver4.png 513w\" sizes=\"auto, (max-width: 300px) 100vw, 300px\" \/>A szoftver t\u00e1mogatja a gy\u00e1rt\u00e1si utas\u00edt\u00e1sok \u00f6ssze\u00e1ll\u00edt\u00e1s\u00e1t, menedzsel\u00e9s\u00e9t. Mivel a legt\u00f6bb gy\u00e1rt\u00e1si utas\u00edt\u00e1s ism\u00e9tl\u0151d\u0151 modulokb\u00f3l &#8211; alapm\u0171veletekb\u0151l \u2013 tev\u0151dik \u00f6ssze, rendszer\u00fcnkben l\u00e9trehozhat\u00f3 egy alapm\u0171velet sz\u00f3t\u00e1r, melyben le\u00edrhat\u00f3 az alapm\u0171velet v\u00e9grehajt\u00e1sa.<\/p>\n<p>A gy\u00e1rt\u00e1si utas\u00edt\u00e1st ezekb\u0151l az alapm\u0171veletekb\u0151l lehet fel\u00e9p\u00edteni, jelent\u0151s munk\u00e1t takar\u00edtva meg az\u00e1ltal, hogy az ism\u00e9tl\u0151d\u0151, azonos folyamatokat nem kell \u00fajb\u00f3l \u00e9s \u00fajb\u00f3l le\u00edrni.<\/p>\n<p>A modulokhoz hozz\u00e1 lehet rendelni az egys\u00e9gnyi \u00e1tlagos gy\u00e1rt\u00e1si id\u0151t, ez k\u00e9pezi majd a takt-time kimutat\u00e1s \u00e9s a teljes\u00edtm\u00e9ny \u00e9rt\u00e9kel\u00e9s alapj\u00e1t.<\/p>\n<h3>1.1.2\u00a0\u00a0\u00a0\u00a0\u00a0\u00a0\u00a0 Min\u0151s\u00e9gbiztos\u00edt\u00e1s, min\u0151s\u00e9gi tan\u00fas\u00edtv\u00e1ny<\/h3>\n<p>A MES rendszer k\u00e9pes el\u0151\u00e1ll\u00edtani a sz\u00fcks\u00e9ges min\u0151s\u00e9gi bizony\u00edtv\u00e1nyokat, illetve egy\u00e9b tan\u00fas\u00edtv\u00e1nyokat. A rendszer bevezet\u00e9s\u00e9nek r\u00e9sze ezek elk\u00e9sz\u00edt\u00e9se, testreszab\u00e1sa.<\/p>\n<h3>1.1.3\u00a0\u00a0\u00a0\u00a0\u00a0\u00a0\u00a0 Reklam\u00e1ci\u00f3kezel\u00e9s<\/h3>\n<p>Nagy hangs\u00falyt fektet\u00fcnk a reklam\u00e1ci\u00f3kezel\u00e9sre, mint a min\u0151s\u00e9gbiztos\u00edt\u00e1s egyik fontos elem\u00e9re. A REG-MES szoftver a 8D szabv\u00e1nyra \u00e9p\u00fcl\u0151 reklam\u00e1ci\u00f3kezel\u00e9si folyamatot t\u00e1mogat.<\/p>\n<h3>1.1.4\u00a0\u00a0\u00a0\u00a0\u00a0\u00a0\u00a0 Int\u00e9zked\u00e9sek<\/h3>\n<p>A rendszer r\u00e9sze az int\u00e9zked\u00e9sek, esem\u00e9nyek kezel\u00e9se, mely \u00f6sszhangban \u00e1ll a reklam\u00e1ci\u00f3kezel\u00e9si folyamattal.<\/p>\n<h3>1.1.5\u00a0\u00a0\u00a0\u00a0\u00a0\u00a0\u00a0 Teljesk\u00f6r\u0171 dokument\u00e1ci\u00f3kezel\u00e9s<\/h3>\n<p><img loading=\"lazy\" decoding=\"async\" class=\"alignleft size-medium wp-image-3722\" src=\"https:\/\/regmes.hu\/wp-content\/uploads\/2024\/01\/szoftver5-300x178.png\" alt=\"\" width=\"300\" height=\"178\" srcset=\"https:\/\/regmes.hu\/wp-content\/uploads\/2024\/01\/szoftver5-300x178.png 300w, https:\/\/regmes.hu\/wp-content\/uploads\/2024\/01\/szoftver5.png 605w\" sizes=\"auto, (max-width: 300px) 100vw, 300px\" \/>Mindezeken fel\u00fcl szoftver\u00fcnk k\u00e9pes teljesk\u00f6r\u0171en kezelni valamennyi gy\u00e1rt\u00e1si dokumentumot \u00e9s folyamatot.<\/p>\n<p>Ilyen p\u00e9ld\u00e1ul a dokument\u00e1ci\u00f3 k\u00e9sz\u00edt\u00e9s, elfogad\u00e1s, bevezet\u00e9s, v\u00e1ltoz\u00e1skezel\u00e9s, melynek sor\u00e1n az elk\u00e9sz\u00fclt dokumentumot, mint tervezetet v\u00e9lem\u00e9nyez\u00e9sre lehet kiadni, majd pozit\u00edv elb\u00edr\u00e1sl\u00e1s ut\u00e1n publik\u00e1lni.<\/p>\n<p>Term\u00e9szetesen az elj\u00e1r\u00e1s r\u00e9sze a v\u00e1ltoz\u00e1skezel\u00e9s, hat\u00e1lyos\u00edt\u00e1s, hat\u00e1lyon k\u00edv\u00fcl helyez\u00e9s.<\/p>\n<p>&nbsp;<\/p>\n<h2>1.2\u00a0\u00a0\u00a0\u00a0\u00a0\u00a0\u00a0\u00a0 Gy\u00e1rt\u00f3sorok \u00e9s munka\u00e1llom\u00e1sok defini\u00e1l\u00e1sa<\/h2>\n<p><img loading=\"lazy\" decoding=\"async\" class=\"alignleft wp-image-3715\" src=\"https:\/\/regmes.hu\/wp-content\/uploads\/2024\/01\/szoftver1-150x150.jpg\" alt=\"\" width=\"181\" height=\"181\" \/>A REG-MES rendszer lehet\u0151v\u00e9 teszi a gy\u00e1rt\u00f3sorok \u00e9s azok munka\u00e1llom\u00e1sainak dinamikus defini\u00e1l\u00e1s\u00e1t. Megadhat\u00f3 h\u00e1ny sorral dolgozik az \u00fczem \u00e9s egy-egy sor h\u00e1ny munka\u00e1llom\u00e1sb\u00f3l \u00e1ll. Meghat\u00e1rozhat\u00f3, hogy melyik munka\u00e1llom\u00e1s akt\u00edv\/passz\u00edv, illetve milyen szerepet l\u00e1t el, pl. \u00f6sszeszerel\u0151, m\u00e9r\u0151, stb.<\/p>\n<p>A gy\u00e1rt\u00e1si utas\u00edt\u00e1sok ennek megfelel\u0151en rendel\u0151dnek a munka\u00e1llom\u00e1sokhoz, \u00edgy mindegyik dolgoz\u00f3 az \u0151 munka\u00e1llom\u00e1s\u00e1nak megfelel\u0151 gy\u00e1rt\u00e1si utas\u00edt\u00e1st l\u00e1tja a munka\u00e1llom\u00e1s interakt\u00edv konzolj\u00e1n.<\/p>\n<p>Ha egy munka\u00e1llom\u00e1st a gy\u00e1rt\u00e1s alatt ki kell venni a rendszerb\u0151l \u2013 meghib\u00e1sod\u00e1s, a dolgoz\u00f3 akad\u00e1lyoztat\u00e1sa stb. miatt \u2013 a munka\u00e1llom\u00e1sok \u00f6sszevonhat\u00f3ak, \u00e1trendezhet\u0151ek, amit automatikusan k\u00f6vet a munka\u00e1llom\u00e1s konzolj\u00e1n az munkautas\u00edt\u00e1sok megjelen\u00edt\u00e9se, valamint a teljes\u00edtm\u00e9ny m\u00e9r\u00e9s v\u00e1ltoz\u00e1sa.<\/p>\n<h3>1.2.1\u00a0\u00a0\u00a0\u00a0\u00a0\u00a0\u00a0 Munkacsoportok defini\u00e1l\u00e1sa<\/h3>\n<p>A sorokhoz munkacsoportot lehet defin\u00e1lni a dolgoz\u00f3kb\u00f3l. A soron \u00edgy nem csak az egy\u00e9ni, de a csoport teljes\u00edtm\u00e9nyt is lehet m\u00e9rni, hiszen a \u201eleggyeng\u00e9bb l\u00e1ncszem\u201d fogja meghat\u00e1rozni a sor teljes\u00edtm\u00e9ny\u00e9t. Az inform\u00e1ci\u00f3t felhaszn\u00e1lva a sorvezet\u0151 beavatkozhat a folyamatba, n\u00f6velve a hat\u00e9konys\u00e1got. A munkacsoportok menet k\u00f6zben \u00e1talak\u00edthat\u00f3k, a rendszer lek\u00f6veti a v\u00e1ltoz\u00e1sokat, figyelembe veszi azokat a dolgoz\u00f3i egy\u00e9ni teljes\u00edtm\u00e9ny m\u00e9r\u00e9sekor.<\/p>\n<h2>1.3\u00a0\u00a0\u00a0\u00a0\u00a0\u00a0\u00a0\u00a0 Gy\u00e1rt\u00e1si feladatok defini\u00e1l\u00e1sa<\/h2>\n<p>A MES rendszert integr\u00e1ljuk az \u00fczem ERP rendszer\u00e9vel, hogy onnan vehess\u00fck \u00e1t a termel\u00e9si rendel\u00e9seket. Ennek h\u00edj\u00e1n saj\u00e1t modulunkban is megoldhat\u00f3 a termel\u00e9si rendel\u00e9sek l\u00e9trehoz\u00e1sa.<\/p>\n<p>A gy\u00e1rt\u00e1si feladatokn\u00e1l megadhat\u00f3 a teljes darabsz\u00e1m, az elv\u00e1rt teljes\u00edtm\u00e9ny.<\/p>\n<h2>1.4\u00a0\u00a0\u00a0\u00a0\u00a0\u00a0\u00a0\u00a0 Gy\u00e1rt\u00e1s ind\u00edt\u00e1s, sz\u00fcneteltet\u00e9s, z\u00e1r\u00e1s, rework, \u00e1t\u00e1ll\u00e1si id\u0151<\/h2>\n<p><img loading=\"lazy\" decoding=\"async\" class=\"alignright wp-image-3726\" src=\"https:\/\/regmes.hu\/wp-content\/uploads\/2024\/01\/szoftver8-300x150.jpg\" alt=\"\" width=\"388\" height=\"194\" srcset=\"https:\/\/regmes.hu\/wp-content\/uploads\/2024\/01\/szoftver8-300x150.jpg 300w, https:\/\/regmes.hu\/wp-content\/uploads\/2024\/01\/szoftver8-1024x512.jpg 1024w, https:\/\/regmes.hu\/wp-content\/uploads\/2024\/01\/szoftver8-768x384.jpg 768w, https:\/\/regmes.hu\/wp-content\/uploads\/2024\/01\/szoftver8.jpg 1124w\" sizes=\"auto, (max-width: 388px) 100vw, 388px\" \/>A sorvezet\u0151 a priorit\u00e1snak megfelel\u0151en ind\u00edthatja a termel\u00e9st. A munka\u00e1llom\u00e1sok ekkor felveszik a sz\u00fcks\u00e9ges param\u00e9tereket, a munka\u00e1llom\u00e1s konzolokon megjelennek a gy\u00e1rt\u00e1si utas\u00edt\u00e1sok.<\/p>\n<p>A gy\u00e1rt\u00e1s term\u00e9szetesen sz\u00fcneteltethet\u0151, mely lehet el\u0151re tervezett (eb\u00e9did\u0151, stb.) vagy eseti. Ebben az esetben a gy\u00e1rt\u00e1s folytathat\u00f3, a teljes\u00edtm\u00e9nym\u00e9r\u00e9s a sz\u00fcnet el\u0151tti \u00e1llapotr\u00f3l indul tov\u00e1bb.<\/p>\n<p>A gy\u00e1rt\u00e1s z\u00e1r\u00e1sa lehet automatikus, ha a sz\u00fcks\u00e9ges darabsz\u00e1mot legy\u00e1rtotta a sor, vagy manu\u00e1lis, b\u00e1rmely m\u00e1s ok \u00e1ltal.<\/p>\n<p>MES rendszer\u00fcnk kezeli a rework folyamatot -ebben az esetben a jigek szabadon futnak, teljes\u00edtm\u00e9nyt nem m\u00e9r\u00fcnk.<\/p>\n<h2>1.5\u00a0\u00a0\u00a0\u00a0\u00a0\u00a0\u00a0\u00a0 Munka\u00e1llom\u00e1s konzol \u2013 gy\u00e1rt\u00e1si utas\u00edt\u00e1s, teljes\u00edtm\u00e9nym\u00e9r\u00e9s, hibakezel\u00e9s<\/h2>\n<p><img loading=\"lazy\" decoding=\"async\" class=\"alignleft wp-image-3718\" src=\"https:\/\/regmes.hu\/wp-content\/uploads\/2024\/01\/szoftver3-300x197.jpg\" alt=\"\" width=\"276\" height=\"181\" srcset=\"https:\/\/regmes.hu\/wp-content\/uploads\/2024\/01\/szoftver3-300x197.jpg 300w, https:\/\/regmes.hu\/wp-content\/uploads\/2024\/01\/szoftver3-1024x672.jpg 1024w, https:\/\/regmes.hu\/wp-content\/uploads\/2024\/01\/szoftver3-768x504.jpg 768w, https:\/\/regmes.hu\/wp-content\/uploads\/2024\/01\/szoftver3-1536x1008.jpg 1536w, https:\/\/regmes.hu\/wp-content\/uploads\/2024\/01\/szoftver3-2048x1344.jpg 2048w\" sizes=\"auto, (max-width: 276px) 100vw, 276px\" \/>A munka\u00e1llom\u00e1s konzolon megjelen\u00edtj\u00fck az adott munka\u00e1llom\u00e1sra \u00e9s term\u00e9kre vonatkoz\u00f3 gy\u00e1rt\u00e1si utas\u00edt\u00e1st -\u00f6sszeszerel\u00e9s, m\u00e9r\u00e9s stb.<\/p>\n<p>A dolgoz\u00f3 a konzolon tudja k\u00e9szre jelenteni feladat\u00e1t, ekkor a jiget befog\u00f3 m\u00e1gnes old, a jig tov\u00e1bb\u00edthat\u00f3 a soron: a be\u00e9rkez\u00e9si id\u0151 \u00f3ta eltelt id\u0151 lesz az aktu\u00e1lis takt-time, melyet \u00f6sszehasonl\u00edtunk a tervezettel, \u00edgy kalkul\u00e1lva az egy\u00e9ni \u00e9s csoport teljes\u00edtm\u00e9nyt, a termel\u00e9si folyamat \u00e1llapot\u00e1t: el\u0151rehalad\u00e1st, vagy k\u00e9s\u00e9st.<\/p>\n<p>Ugyan\u00edgy jelenthet\u0151 a hiba is, melyet rendszer\u00fcnk azonnal megjelen\u00edt a sorvezet\u0151 tabletj\u00e9n vagy mobil eszk\u00f6z\u00e9n. A hiba kategoriz\u00e1lhat\u00f3, vagy azonnal jav\u00edthat\u00f3, vagy ki kell venni a term\u00e9ket rework-re.<\/p>\n<h2>1.6\u00a0\u00a0\u00a0\u00a0\u00a0\u00a0\u00a0\u00a0 Sorvezet\u0151i modul<\/h2>\n<p><img loading=\"lazy\" decoding=\"async\" class=\"size-medium wp-image-3724 alignright\" src=\"https:\/\/regmes.hu\/wp-content\/uploads\/2024\/01\/szoftver6-300x143.png\" alt=\"\" width=\"300\" height=\"143\" srcset=\"https:\/\/regmes.hu\/wp-content\/uploads\/2024\/01\/szoftver6-300x143.png 300w, https:\/\/regmes.hu\/wp-content\/uploads\/2024\/01\/szoftver6.png 532w\" sizes=\"auto, (max-width: 300px) 100vw, 300px\" \/>A sorvezet\u0151 mobil eszk\u00f6z\u00e9n k\u00f6vetheti a hozz\u00e1 tartoz\u00f3 sorok folyamatait.<\/p>\n<p>Ezen kereszt\u00fcl \u00e9rtes\u00fcl az esetleges hibajelz\u00e9s\u00e9kr\u0151l is, illetve a tov\u00e1bbi olyan esem\u00e9nyekr\u0151l, melyek az \u0151 beavatkoz\u00e1s\u00e1t ig\u00e9nylik.<\/p>\n<p>A mobil eszk\u00f6z\u00f6k alkalmaz\u00e1sa lehet\u0151v\u00e9 teszi, hogy a sorvezet\u0151 szabadon mozogjon a gy\u00e1rban, de mindig \u00e9rtes\u00fclj\u00f6n az esetleges probl\u00e9m\u00e1kr\u00f3l, illet\u0151leg monitorozhassa a sorokon fut\u00f3 termel\u00e9s st\u00e1tusz\u00e1t.<\/p>\n<p>A modullal a teljes termel\u00e9si folyamatot \u00e1tlatja \u00e9s szab\u00e1lyozhatja, el\u00e9ri a sori, munka\u00e1llom\u00e1si be\u00e1ll\u00edt\u00e1sokat is.<\/p>\n<h2>1.7\u00a0\u00a0\u00a0\u00a0\u00a0\u00a0\u00a0\u00a0 Sorv\u00e9gi konzol<\/h2>\n<p><img loading=\"lazy\" decoding=\"async\" class=\"alignleft wp-image-3716 \" src=\"https:\/\/regmes.hu\/wp-content\/uploads\/2024\/01\/szoftver2-300x187.jpg\" alt=\"\" width=\"266\" height=\"166\" srcset=\"https:\/\/regmes.hu\/wp-content\/uploads\/2024\/01\/szoftver2-300x187.jpg 300w, https:\/\/regmes.hu\/wp-content\/uploads\/2024\/01\/szoftver2-1024x639.jpg 1024w, https:\/\/regmes.hu\/wp-content\/uploads\/2024\/01\/szoftver2-768x479.jpg 768w, https:\/\/regmes.hu\/wp-content\/uploads\/2024\/01\/szoftver2-1536x959.jpg 1536w, https:\/\/regmes.hu\/wp-content\/uploads\/2024\/01\/szoftver2-2048x1278.jpg 2048w\" sizes=\"auto, (max-width: 266px) 100vw, 266px\" \/><\/p>\n<p>A sorok v\u00e9g\u00e9n egy-egy konzol ker\u00fclt elhelyez\u00e9sre, mely vizu\u00e1lisan jelen\u00edti meg a termel\u00e9s \u00e1llapot\u00e1t.<\/p>\n<p>Szerepelnek rajta a gy\u00e1rtott term\u00e9k adatai, a gy\u00e1rtand\u00f3 darabsz\u00e1m, a gy\u00e1rtott darabsz\u00e1m \u00e9s a elm\u00e9leti el\u0151rehalad\u00e1shoz k\u00e9pest az aktu\u00e1lis \u00e1llapot st\u00e1tusza: el\u0151rehalad\u00e1s, vagy k\u00e9s\u00e9s.<\/p>\n<p>Az adatok automatikusan friss\u00fclnek, ha a gy\u00e1rt\u00e1si folyamat adataiban v\u00e1ltoz\u00e1s \u00e1ll be.<img loading=\"lazy\" decoding=\"async\" class=\"alignright size-medium wp-image-3725\" src=\"https:\/\/regmes.hu\/wp-content\/uploads\/2024\/01\/szoftver7-300x159.png\" alt=\"\" width=\"300\" height=\"159\" srcset=\"https:\/\/regmes.hu\/wp-content\/uploads\/2024\/01\/szoftver7-300x159.png 300w, https:\/\/regmes.hu\/wp-content\/uploads\/2024\/01\/szoftver7.png 539w\" sizes=\"auto, (max-width: 300px) 100vw, 300px\" \/><\/p>\n<p>&nbsp;<\/p>\n<h2>1.8\u00a0\u00a0\u00a0\u00a0\u00a0\u00a0\u00a0\u00a0 \u00dczemi konzol<\/h2>\n<p>Az \u00fczemi konzol a sorv\u00e9gi konzol adatait alkalmazva valamennyi sorra mutatja meg a termel\u00e9s \u00e1llapot\u00e1t.<\/p>\n<h2>1.9\u00a0\u00a0\u00a0\u00a0\u00a0\u00a0\u00a0\u00a0 Vezet\u0151i inform\u00e1ci\u00f3s rendszer<\/h2>\n<p><img loading=\"lazy\" decoding=\"async\" class=\"alignleft size-medium wp-image-3728\" src=\"https:\/\/regmes.hu\/wp-content\/uploads\/2024\/01\/szoftver9-300x175.png\" alt=\"\" width=\"300\" height=\"175\" srcset=\"https:\/\/regmes.hu\/wp-content\/uploads\/2024\/01\/szoftver9-300x175.png 300w, https:\/\/regmes.hu\/wp-content\/uploads\/2024\/01\/szoftver9.png 484w\" sizes=\"auto, (max-width: 300px) 100vw, 300px\" \/>A REG-MES rendszer rendelkezik vezet\u0151i inform\u00e1ci\u00f3s modullal, mely azonnali adatokat jelen\u00edt meg a vezet\u0151s\u00e9g r\u00e9sz\u00e9re. Seg\u00edts\u00e9g\u00e9vel nyomon k\u00f6vethet\u0151 a termel\u00e9s \u00e1llapota valamennyi sorra, illetve elemezhet\u0151ek a gy\u00e1rt\u00e1si folyamatb\u00f3l \u00e9rkez\u0151 adatok.<\/p>\n<p>A megjelen\u0151 diagramok \u00f6sszetev\u0151in \u00e9l a &#8222;lef\u00far\u00e1s&#8221; lehet\u0151s\u00e9g, \u00edgy az adatok fel\u00fclr\u0151l-lefel\u00e9 elemezhet\u0151ek.<\/p>\n<p>A vezet\u0151i inform\u00e1ci\u00f3s rendszer testre szabjuk a megrendel\u0151 ig\u00e9nyei alapj\u00e1n.<\/p>\n<p>&nbsp;<\/p>\n<h2>1.10\u00a0\u00a0\u00a0 Reporting modul<\/h2>\n<p>A MES rendszer a be\u00e9p\u00edtett reportokon k\u00edv\u00fcl rendelkezik egy end-user reporting modullal, melyben a felhaszn\u00e1l\u00f3 saj\u00e1t reportokat \u00e1ll\u00edthat \u00f6ssze, menthet el \u00e9s illeszthet \u2013 jogosults\u00e1gokkal ell\u00e1tva \u2013 a rendszer report k\u00f6nyvt\u00e1r\u00e1ba.<\/p>\n<h2>1.11\u00a0\u00a0\u00a0 Integr\u00e1ci\u00f3 ERP rendszerekkel<\/h2>\n<p>A REG-MES szoftvert integr\u00e1ljuk a megrendel\u0151 ERP rendszer\u00e9vel, hogy \u00e1tvehet\u0151k legyenek a gy\u00e1rt\u00e1si rendel\u00e9sek, illetve \u00e1tadhat\u00f3ak legyenek a termel\u00e9si adatok.<\/p>\n<h1>2\u00a0\u00a0\u00a0\u00a0\u00a0\u00a0\u00a0\u00a0 Opcion\u00e1lis modulok<\/h1>\n<p>Rendszer\u00fcnket sz\u00e1mos opcion\u00e1lis modullal tudjuk kieg\u00e9sz\u00edteni.<\/p>\n<h2>2.1\u00a0\u00a0\u00a0\u00a0\u00a0\u00a0\u00a0\u00a0 G\u00e9pteljes\u00edtm\u00e9ny, \u00e1ramfelv\u00e9tel m\u00e9r\u00e9se<\/h2>\n<p><img loading=\"lazy\" decoding=\"async\" class=\"alignleft size-medium wp-image-3730\" src=\"https:\/\/regmes.hu\/wp-content\/uploads\/2024\/01\/szoftver10-300x165.png\" alt=\"\" width=\"300\" height=\"165\" srcset=\"https:\/\/regmes.hu\/wp-content\/uploads\/2024\/01\/szoftver10-300x165.png 300w, https:\/\/regmes.hu\/wp-content\/uploads\/2024\/01\/szoftver10.png 344w\" sizes=\"auto, (max-width: 300px) 100vw, 300px\" \/>Egyedi fejleszt\u00e9s\u0171 hardver\u00fcnkkel m\u00e9rni tudjuk a gy\u00e1rt\u00f3 berendez\u00e9sek \u00e1ramfelv\u00e9tel\u00e9t, ezzel ki tudjuk mutatni a hasznos g\u00e9pid\u0151t, valamint g\u00e9p \u00e9s dolgoz\u00f3i teljes\u00edtm\u00e9nyt tudunk sz\u00e1molni.<\/p>\n<p>A g\u00e9pek szabadon defini\u00e1lhat\u00f3k, ahogyan param\u00e9tereik is: mely intervallumot vegye m\u0171k\u00f6d\u00e9snek a rendszer.<\/p>\n<p>A folyamatos adat\u00e1raml\u00e1st \u00f6n\u00e1ll\u00f3 ellen\u0151rz\u0151 program fel\u00fcgyeli, mely riaszt, ha az adatfolyam &#8211; a m\u00e9r\u00e9sfolytonoss\u00e1g &#8211; megszakad.<\/p>\n<p>&nbsp;<\/p>\n<h2>2.2\u00a0\u00a0\u00a0\u00a0\u00a0\u00a0\u00a0\u00a0 M\u00e9r\u0151berendez\u00e9s vez\u00e9rl\u00e9s<\/h2>\n<p>Illeszteni tudjuk a haszn\u00e1lt m\u00e9r\u0151berendez\u00e9seket. A gy\u00e1rt\u00f3i interf\u00e9sz felhaszn\u00e1l\u00e1s\u00e1val \u00edgy k\u00f6zvetlen\u00fcl rendszer\u00fcnk fel\u00fclet\u00e9r\u0151l lehet vez\u00e9rleni a m\u00e9r\u00e9st, vizsg\u00e1latot, az adatokat pedig \u00e1tveszi a MES rendszer. Ezekkel az adatokkal tudjuk ki\u00e1ll\u00edtani a min\u0151s\u00e9gi tan\u00fas\u00edtv\u00e1nyt \u00e9s az egy\u00e9b gy\u00e1rt\u00e1si jegyz\u0151k\u00f6nyveket.<\/p>\n<p>Valamennyi dokumentumot t\u00e1rolja dokumentumkezel\u0151 modulunk, \u00edgy egy esetleges reklam\u00e1ci\u00f3 sor\u00e1n visszakereshet\u0151 mind a teljes gy\u00e1rt\u00e1si folyamat: ki, mikor, milyen feladatot l\u00e1tott el, ki volt a vizsg\u00e1l\u00f3, milyen eredm\u00e9nnyel z\u00e1rult a bevizsg\u00e1l\u00e1s.<\/p>\n<h2>2.3\u00a0\u00a0\u00a0\u00a0\u00a0\u00a0\u00a0\u00a0 Mobil eszk\u00f6z\u00f6k alkalmaz\u00e1sa<\/h2>\n<p><img loading=\"lazy\" decoding=\"async\" class=\"alignright wp-image-3732\" src=\"https:\/\/regmes.hu\/wp-content\/uploads\/2024\/01\/szoftver12-161x300.jpg\" alt=\"\" width=\"98\" height=\"183\" srcset=\"https:\/\/regmes.hu\/wp-content\/uploads\/2024\/01\/szoftver12-161x300.jpg 161w, https:\/\/regmes.hu\/wp-content\/uploads\/2024\/01\/szoftver12.jpg 265w\" sizes=\"auto, (max-width: 98px) 100vw, 98px\" \/>Rendszer\u00fcnkh\u00f6z sz\u00e1mos mobil eszk\u00f6zt alkalmazunk, a megrendel\u0151 ig\u00e9nye szerint.<\/p>\n<p>Prefer\u00e1ljuk a Motorola Symbol ipari adatgy\u0171jt\u0151it, de Android alap\u00fa mobiltelefonos alkalmaz\u00e1st is fejlesztett\u00fcnk m\u00e1r a MES szoftverhez. Ez az applik\u00e1ci\u00f3 valamennyi Android alap\u00fa eszk\u00f6z\u00f6n haszn\u00e1lhat\u00f3.<\/p>\n<p>A rugalmas munkav\u00e9gz\u00e9s el\u00e9r\u00e9s\u00e9hez webes alap\u00fa rendszerink tabletre is optimaliz\u00e1ltak.<\/p>\n<p>&nbsp;<\/p>\n<h2>2.4\u00a0\u00a0\u00a0\u00a0\u00a0\u00a0\u00a0\u00a0 C\u00edmkenyomtat\u00e1s<\/h2>\n<p>A term\u00e9kek azonos\u00edt\u00e1s\u00e1hoz saj\u00e1t c\u00edmkenyomtat\u00f3 modult fejlesztett\u00fck, A megrendel\u0151 ig\u00e9nye alapj\u00e1n elk\u00e9sz\u00edtj\u00fck az egyedi c\u00edmkeform\u00e1tumot, \u00e9s integr\u00e1ljuk azt rendszer\u00fcnkbe. Partner\u00fcnk az orsz\u00e1g egyik legnagyobb vonalk\u00f3d rendszerh\u00e1za, \u00edgy k\u00f6zrem\u0171k\u00f6d\u00e9s\u00fckkel t\u00e1mogatni tudjuk b\u00e1rmely megrendel\u0151i ig\u00e9ny kiel\u00e9g\u00edt\u00e9s\u00e9t, mind belt\u00e9ri, mind k\u00fclt\u00e9ri c\u00edmk\u00e9k alkalmaz\u00e1sa eset\u00e9n.<\/p>\n<h2>2.5\u00a0\u00a0\u00a0\u00a0\u00a0\u00a0\u00a0\u00a0 RFID alkalmaz\u00e1sa<\/h2>\n<p>MES szoftver\u00fcnk FRID alap\u00fa jig azonos\u00edt\u00e1st alkalmaz a gy\u00e1rt\u00f3soron, ezzel biztos\u00edtva valamennyi jig egyedi azonos\u00edt\u00e1s\u00e1t \u00e9s a rajta l\u00e9v\u0151 term\u00e9k azonos\u00edt\u00e1s\u00e1t a gy\u00e1rt\u00e1si folyamat sor\u00e1n, illetve a jig poz\u00edci\u00f3j\u00e1nak nyomonk\u00f6vet\u00e9s\u00e9t.<\/p>\n<p>De megold\u00e1sunk alapja lehet b\u00e1rmely RFID alap\u00fa azonos\u00edt\u00f3 elj\u00e1r\u00e1snak.<\/p>\n<p>&nbsp;<\/p>\n","protected":false},"excerpt":{"rendered":"<p>1\u00a0\u00a0\u00a0\u00a0\u00a0\u00a0\u00a0\u00a0 Gy\u00e1rt\u00f3sori MES rendszer\u00fcnk &nbsp; 1.1\u00a0\u00a0\u00a0\u00a0\u00a0\u00a0\u00a0\u00a0 Dokument\u00e1ci\u00f3kezel\u00e9s MES rendszer\u00fcnk teljesk\u00f6r\u0171en kezeli a teljes gy\u00e1rt\u00e1si dokument\u00e1ci\u00f3t. Alapj\u00e1t REG-Doc szoftver\u00fcnk k\u00e9pezi, mely sz\u00e1mos szervezetn\u00e9l l\u00e1tja el a dokument\u00e1ci\u00f3kezel\u00e9si feladatokat. Fel\u00e9p\u00edt\u00e9s\u00e9b\u0151l ad\u00f3d\u00f3an k\u00f6nnyen tov\u00e1bbfejleszthet\u0151, kieg\u00e9sz\u00edthet\u0151 az egyedi, speci\u00e1lis modulokkal, szolg\u00e1ltat\u00e1sokkal. 1.1.1\u00a0\u00a0\u00a0\u00a0\u00a0\u00a0\u00a0 Gy\u00e1rt\u00e1si utas\u00edt\u00e1sok A szoftver t\u00e1mogatja a gy\u00e1rt\u00e1si utas\u00edt\u00e1sok \u00f6ssze\u00e1ll\u00edt\u00e1s\u00e1t, menedzsel\u00e9s\u00e9t. Mivel a legt\u00f6bb gy\u00e1rt\u00e1si utas\u00edt\u00e1s ism\u00e9tl\u0151d\u0151 modulokb\u00f3l &#8211; alapm\u0171veletekb\u0151l \u2013 tev\u0151dik \u00f6ssze, rendszer\u00fcnkben l\u00e9trehozhat\u00f3 egy alapm\u0171velet sz\u00f3t\u00e1r, melyben le\u00edrhat\u00f3 az alapm\u0171velet v\u00e9grehajt\u00e1sa. A gy\u00e1rt\u00e1si utas\u00edt\u00e1st ezekb\u0151l az alapm\u0171veletekb\u0151l lehet fel\u00e9p\u00edteni, jelent\u0151s munk\u00e1t&hellip;<\/p>\n","protected":false},"author":2,"featured_media":3644,"parent":0,"menu_order":0,"comment_status":"closed","ping_status":"closed","template":"","meta":{"footnotes":""},"class_list":["post-3613","page","type-page","status-publish","has-post-thumbnail","hentry","post-has-thumbnail"],"_links":{"self":[{"href":"https:\/\/regmes.hu\/index.php?rest_route=\/wp\/v2\/pages\/3613","targetHints":{"allow":["GET"]}}],"collection":[{"href":"https:\/\/regmes.hu\/index.php?rest_route=\/wp\/v2\/pages"}],"about":[{"href":"https:\/\/regmes.hu\/index.php?rest_route=\/wp\/v2\/types\/page"}],"author":[{"embeddable":true,"href":"https:\/\/regmes.hu\/index.php?rest_route=\/wp\/v2\/users\/2"}],"replies":[{"embeddable":true,"href":"https:\/\/regmes.hu\/index.php?rest_route=%2Fwp%2Fv2%2Fcomments&post=3613"}],"version-history":[{"count":13,"href":"https:\/\/regmes.hu\/index.php?rest_route=\/wp\/v2\/pages\/3613\/revisions"}],"predecessor-version":[{"id":3737,"href":"https:\/\/regmes.hu\/index.php?rest_route=\/wp\/v2\/pages\/3613\/revisions\/3737"}],"wp:featuredmedia":[{"embeddable":true,"href":"https:\/\/regmes.hu\/index.php?rest_route=\/wp\/v2\/media\/3644"}],"wp:attachment":[{"href":"https:\/\/regmes.hu\/index.php?rest_route=%2Fwp%2Fv2%2Fmedia&parent=3613"}],"curies":[{"name":"wp","href":"https:\/\/api.w.org\/{rel}","templated":true}]}}