{"id":3577,"date":"2024-01-11T14:04:21","date_gmt":"2024-01-11T14:04:21","guid":{"rendered":"https:\/\/regmes.hu\/?page_id=3577"},"modified":"2024-01-15T17:29:22","modified_gmt":"2024-01-15T17:29:22","slug":"egyedi-hardverek-tervezese-es-fejlesztese","status":"publish","type":"page","link":"https:\/\/regmes.hu\/?page_id=3577","title":{"rendered":"Egyedi hardverek tervez\u00e9se \u00e9s fejleszt\u00e9se"},"content":{"rendered":"<p>Az eltelt \u00e9vek alatt sz\u00e1mos egyedi hardvert tervezt\u00fcnk, fejlesztett\u00fcnk rendszereinkhez. Ezek k\u00f6z\u00fcl mutatjuk be n\u00e9h\u00e1ny megold\u00e1sunkat.<\/p>\n<p><img loading=\"lazy\" decoding=\"async\" class=\" wp-image-3684 alignleft\" src=\"https:\/\/regmes.hu\/wp-content\/uploads\/2024\/01\/Kep1-300x202.jpg\" alt=\"\" width=\"310\" height=\"209\" srcset=\"https:\/\/regmes.hu\/wp-content\/uploads\/2024\/01\/Kep1-300x202.jpg 300w, https:\/\/regmes.hu\/wp-content\/uploads\/2024\/01\/Kep1.jpg 308w\" sizes=\"auto, (max-width: 310px) 100vw, 310px\" \/><\/p>\n<h2>\u00c1ramfelv\u00e9tel m\u00e9r\u00e9s<\/h2>\n<p>Nagyteljes\u00edtm\u00e9ny\u0171 gy\u00e1rt\u00f3g\u00e9psorok \u00fczemidej\u00e9nek elemz\u00e9s\u00e9hez k\u00e9sz\u00edtett\u00fck \u00e1ramm\u00e9r\u0151 rendszer\u00fcnket, mely m\u00e9ri a g\u00e9pek \u00e1ltal felvett \u00e1ramot \u00e9s az \u00e9rt\u00e9keket t\u00e1rolja egy MS SQL Server adatb\u00e1zisban. Az adatokat vizualiz\u00e1ljuk egy erre fejlesztett c\u00e9lszoftver\u00fcnkkel, mely a dolgoz\u00f3i \u00e9s g\u00e9pteljes\u00edtm\u00e9ny m\u00e9r\u00e9s\u00e9t, elemz\u00e9s\u00e9t \u00e9s lehet\u0151v\u00e9 teszi.<\/p>\n<p>&nbsp;<\/p>\n<p>&nbsp;<\/p>\n<p><img loading=\"lazy\" decoding=\"async\" class=\" wp-image-3686 alignleft\" src=\"https:\/\/regmes.hu\/wp-content\/uploads\/2024\/01\/Kep3-300x161.png\" alt=\"\" width=\"308\" height=\"165\" srcset=\"https:\/\/regmes.hu\/wp-content\/uploads\/2024\/01\/Kep3-300x161.png 300w, https:\/\/regmes.hu\/wp-content\/uploads\/2024\/01\/Kep3.png 605w\" sizes=\"auto, (max-width: 308px) 100vw, 308px\" \/><\/p>\n<h2>H\u0151m\u00e9rs\u00e9klet m\u00e9r\u00e9s \u00e9s szab\u00e1lyz\u00e1s<\/h2>\n<p>Gy\u00f3gyszernagykeresked\u0151 partner\u00fcnk megrendel\u00e9s\u00e9re k\u00e9sz\u00edtett\u00fck el a gy\u00f3gyszerek \u00e9s izot\u00f3pok t\u00e1rol\u00e1s\u00e1t v\u00e9gz\u0151 h\u0171t\u0151berendez\u00e9sek h\u0151m\u00e9rs\u00e9klet\u00e9t m\u00e9r\u0151 \u00e9s szab\u00e1lyz\u00f3 prec\u00edzi\u00f3s szoftver\u00fcnket.<\/p>\n<p>\u00c9rz\u00e9kel\u0151kkel t\u00f6bb ponton m\u00e9rj\u00fck a berendez\u00e9sek h\u0151m\u00e9rs\u00e9klet\u00e9t \u00e9s p\u00e1ratartalm\u00e1t, az adatokat t\u00e1roljuk. Elt\u00e9r\u00e9s eset\u00e9n a rendszer visszaszab\u00e1lyozza az \u00e9rt\u00e9keket, \u00e9s err\u0151l riaszt\u00e1st k\u00fcld a felhaszn\u00e1l\u00f3knak. A szigor\u00fa gy\u00f3gyszerbiztons\u00e1gi el\u0151\u00edr\u00e1soknak mindenben megfelel rendszer\u00fcnk, az OGY\u00c9I ellen\u0151rizte, tan\u00fas\u00edtotta. Az adatok lek\u00e9rdezhet\u0151ek t\u00e1bl\u00e1zatos \u00e9s grafikus form\u00e1ban is.<\/p>\n<p>&nbsp;<\/p>\n<p><img loading=\"lazy\" decoding=\"async\" class=\"alignleft wp-image-3688\" src=\"https:\/\/regmes.hu\/wp-content\/uploads\/2024\/01\/Kep5-300x176.png\" alt=\"\" width=\"320\" height=\"188\" srcset=\"https:\/\/regmes.hu\/wp-content\/uploads\/2024\/01\/Kep5-300x176.png 300w, https:\/\/regmes.hu\/wp-content\/uploads\/2024\/01\/Kep5.png 330w\" sizes=\"auto, (max-width: 320px) 100vw, 320px\" \/><\/p>\n<h2>Elektromos m\u00e9r\u0151berendez\u00e9s vez\u00e9rl\u00e9s<\/h2>\n<p>Elektromos berendez\u00e9seket gy\u00e1rt\u00f3 megrendel\u0151nk k\u00e9r\u00e9s\u00e9re fejlesztett\u00fck azt a rendszer\u00fcnket, mely egy interf\u00e9szen kereszt\u00fcl vez\u00e9rli az elk\u00e9sz\u00fclt berendez\u00e9sek elektronos megfelel\u0151s\u00e9g\u00e9t tesztel\u0151, tulajdons\u00e1gait m\u00e9r\u0151 speci\u00e1lis m\u00e9r\u0151eszk\u00f6zt.<\/p>\n<p>Szoftver\u00fcnk kapcsol\u00f3dik a gy\u00e1r ERP rendszer\u00e9hez, onnan olvassa ki a m\u00e9rend\u0151 param\u00e9tereket \u00e9s azok hat\u00e1r\u00e9rt\u00e9keit. Az adatokat t\u00e1roljuk, reportoljuk, \u00e9s elk\u00e9sz\u00edtj\u00fck a m\u00e9r\u00e9si jegyz\u0151k\u00f6nyvet, a term\u00e9kc\u00edmk\u00e9ket.<\/p>\n<p>Szoftver\u00fcnk t\u00f6bbf\u00e9le ipari m\u00e9r\u0151berendez\u00e9shez is k\u00e9pes kapcsol\u00f3dni a gy\u00e1ri interf\u00e9szeken kereszt\u00fcl.<\/p>\n<p>&nbsp;<\/p>\n<p>&nbsp;<\/p>\n<p><img loading=\"lazy\" decoding=\"async\" class=\"alignleft wp-image-3689\" src=\"https:\/\/regmes.hu\/wp-content\/uploads\/2024\/01\/Kep6-300x279.jpg\" alt=\"\" width=\"327\" height=\"304\" srcset=\"https:\/\/regmes.hu\/wp-content\/uploads\/2024\/01\/Kep6-300x279.jpg 300w, https:\/\/regmes.hu\/wp-content\/uploads\/2024\/01\/Kep6.jpg 411w\" sizes=\"auto, (max-width: 327px) 100vw, 327px\" \/><\/p>\n<h2>\u00a0Gy\u00e1rt\u00f3sori MES \u00e9s teljes\u00edtm\u00e9nym\u00e9r\u0151 rendszer<\/h2>\n<p>A gy\u00e1rt\u00f3sorokon t\u00f6rt\u00e9n\u0151 gy\u00e1rt\u00e1st t\u00e1mogatja REG-MES rendszer\u00fcnk, melyekhez sz\u00e1mos hardverfejleszt\u00e9st val\u00f3s\u00edtottunk meg:<\/p>\n<ul>\n<li style=\"list-style-type: none;\">\n<ul>\n<li style=\"list-style-type: none;\">\n<ul>\n<li>a soron k\u00f6zleked\u0151 JIG-ekt r\u00f6gz\u00edt\u00e9s\u00e9t \u00e9s elenged\u00e9s\u00e9t v\u00e9gz\u0151 m\u00e1gneses rendszert,<\/li>\n<li>a JIG munka\u00e1llom\u00e1sra \u00e9rkez\u00e9s\u00e9t \u00e9s tov\u00e1bb\u00edt\u00e1s\u00e1t \u00e9rz\u00e9kel\u0151 \u00e9s tov\u00e1bb\u00edt\u00f3, t\u00e1rol\u00f3 RFID alap\u00fa rendszert,<\/li>\n<li>a sorokon tal\u00e1lhat\u00f3 munka\u00e1llom\u00e1si hardverek vez\u00e9rl\u00e9s\u00e9t, szab\u00e1lyz\u00e1s\u00e1t, fel\u00fcgyelet\u00e9t ell\u00e1t\u00f3 sori vez\u00e9rl\u0151 egys\u00e9get,<\/li>\n<li>a munka\u00e1llom\u00e1sokon install\u00e1lt \u00e9rint\u0151k\u00e9perny\u0151s dolgoz\u00f3i termin\u00e1lt (lejelent\u00e9s, utas\u00edt\u00e1sok, rework stb.)<\/li>\n<li>az elektronos m\u00e9r\u00e9seket v\u00e9gz\u0151 speci\u00e1lis munka\u00e1llom\u00e1s integr\u00e1ci\u00f3j\u00e1t,<\/li>\n<li>a min\u0151s\u00e9gbiztos\u00edt\u00e1shoz sz\u00fcks\u00e9ges f\u00e9nyk\u00e9pek k\u00e9sz\u00edt\u00e9s\u00e9t v\u00e9gz\u0151 egys\u00e9get,<\/li>\n<li>a sorv\u00e9gi t\u00e1j\u00e9koztat\u00f3 rendszert (aktu\u00e1lis teljes\u00edtm\u00e9ny, el\u0151rehalad\u00e1s, takt time stb.)<\/li>\n<\/ul>\n<\/li>\n<\/ul>\n<\/li>\n<\/ul>\n<p>Az adatokat \u2013 percenk\u00e9nt t\u00f6bb sz\u00e1z adatot \u2013 MS SQL Server alap\u00fa rendszer\u00fcnk t\u00e1rolja, elemzi \u00e9s \u00e1ll\u00edtja el\u0151 a sz\u00fcks\u00e9ges reportokat, kimutat\u00e1sokat a kapcsolt vezet\u0151i inform\u00e1ci\u00f3s rendszerhez.<\/p>\n<p>&nbsp;<\/p>\n<p>&nbsp;<\/p>\n","protected":false},"excerpt":{"rendered":"<p>Az eltelt \u00e9vek alatt sz\u00e1mos egyedi hardvert tervezt\u00fcnk, fejlesztett\u00fcnk rendszereinkhez. Ezek k\u00f6z\u00fcl mutatjuk be n\u00e9h\u00e1ny megold\u00e1sunkat. \u00c1ramfelv\u00e9tel m\u00e9r\u00e9s Nagyteljes\u00edtm\u00e9ny\u0171 gy\u00e1rt\u00f3g\u00e9psorok \u00fczemidej\u00e9nek elemz\u00e9s\u00e9hez k\u00e9sz\u00edtett\u00fck \u00e1ramm\u00e9r\u0151 rendszer\u00fcnket, mely m\u00e9ri a g\u00e9pek \u00e1ltal felvett \u00e1ramot \u00e9s az \u00e9rt\u00e9keket t\u00e1rolja egy MS SQL Server adatb\u00e1zisban. Az adatokat vizualiz\u00e1ljuk egy erre fejlesztett c\u00e9lszoftver\u00fcnkkel, mely a dolgoz\u00f3i \u00e9s g\u00e9pteljes\u00edtm\u00e9ny m\u00e9r\u00e9s\u00e9t, elemz\u00e9s\u00e9t \u00e9s lehet\u0151v\u00e9 teszi. &nbsp; &nbsp; H\u0151m\u00e9rs\u00e9klet m\u00e9r\u00e9s \u00e9s szab\u00e1lyz\u00e1s Gy\u00f3gyszernagykeresked\u0151 partner\u00fcnk megrendel\u00e9s\u00e9re k\u00e9sz\u00edtett\u00fck el a gy\u00f3gyszerek \u00e9s izot\u00f3pok t\u00e1rol\u00e1s\u00e1t v\u00e9gz\u0151 h\u0171t\u0151berendez\u00e9sek h\u0151m\u00e9rs\u00e9klet\u00e9t m\u00e9r\u0151 \u00e9s szab\u00e1lyz\u00f3&hellip;<\/p>\n","protected":false},"author":1,"featured_media":3644,"parent":0,"menu_order":0,"comment_status":"closed","ping_status":"closed","template":"","meta":{"footnotes":""},"class_list":["post-3577","page","type-page","status-publish","has-post-thumbnail","hentry","post-has-thumbnail"],"_links":{"self":[{"href":"https:\/\/regmes.hu\/index.php?rest_route=\/wp\/v2\/pages\/3577","targetHints":{"allow":["GET"]}}],"collection":[{"href":"https:\/\/regmes.hu\/index.php?rest_route=\/wp\/v2\/pages"}],"about":[{"href":"https:\/\/regmes.hu\/index.php?rest_route=\/wp\/v2\/types\/page"}],"author":[{"embeddable":true,"href":"https:\/\/regmes.hu\/index.php?rest_route=\/wp\/v2\/users\/1"}],"replies":[{"embeddable":true,"href":"https:\/\/regmes.hu\/index.php?rest_route=%2Fwp%2Fv2%2Fcomments&post=3577"}],"version-history":[{"count":20,"href":"https:\/\/regmes.hu\/index.php?rest_route=\/wp\/v2\/pages\/3577\/revisions"}],"predecessor-version":[{"id":3710,"href":"https:\/\/regmes.hu\/index.php?rest_route=\/wp\/v2\/pages\/3577\/revisions\/3710"}],"wp:featuredmedia":[{"embeddable":true,"href":"https:\/\/regmes.hu\/index.php?rest_route=\/wp\/v2\/media\/3644"}],"wp:attachment":[{"href":"https:\/\/regmes.hu\/index.php?rest_route=%2Fwp%2Fv2%2Fmedia&parent=3577"}],"curies":[{"name":"wp","href":"https:\/\/api.w.org\/{rel}","templated":true}]}}